{"id":385,"date":"2024-07-29T15:41:42","date_gmt":"2024-07-29T18:41:42","guid":{"rendered":"https:\/\/institutoeducamais.org\/?page_id=385"},"modified":"2024-08-15T15:55:02","modified_gmt":"2024-08-15T18:55:02","slug":"inclusao-produtiva","status":"publish","type":"page","link":"https:\/\/institutoeducamais.org\/index.php\/inclusao-produtiva\/","title":{"rendered":"INCLUS\u00c3O PRODUTIVA"},"content":{"rendered":"\t\t<div data-elementor-type=\"wp-page\" data-elementor-id=\"385\" class=\"elementor elementor-385\" data-elementor-settings=\"{&quot;ha_cmc_init_switcher&quot;:&quot;no&quot;}\" data-elementor-post-type=\"page\">\n\t\t\t\t<div class=\"elementor-element elementor-element-296425b e-flex e-con-boxed e-con e-parent\" data-id=\"296425b\" data-element_type=\"container\" data-e-type=\"container\" data-settings=\"{&quot;background_background&quot;:&quot;classic&quot;,&quot;_ha_eqh_enable&quot;:false}\">\n\t\t\t\t\t<div class=\"e-con-inner\">\n\t\t\t\t\t<\/div>\n\t\t\t\t<\/div>\n\t\t<div class=\"elementor-element elementor-element-bb30121 e-flex e-con-boxed e-con e-parent\" data-id=\"bb30121\" data-element_type=\"container\" data-e-type=\"container\" data-settings=\"{&quot;shape_divider_top&quot;:&quot;triangle-asymmetrical&quot;,&quot;_ha_eqh_enable&quot;:false}\">\n\t\t\t\t\t<div class=\"e-con-inner\">\n\t\t\t\t<div class=\"elementor-shape elementor-shape-top\" aria-hidden=\"true\" data-negative=\"false\">\n\t\t\t<svg xmlns=\"http:\/\/www.w3.org\/2000\/svg\" viewBox=\"0 0 1000 100\" preserveAspectRatio=\"none\">\n\t<path class=\"elementor-shape-fill\" d=\"M738,99l262-93V0H0v5.6L738,99z\"\/>\n<\/svg>\t\t<\/div>\n\t\t<div class=\"elementor-element elementor-element-8813f4e e-con-full e-flex e-con e-child\" data-id=\"8813f4e\" data-element_type=\"container\" data-e-type=\"container\" data-settings=\"{&quot;_ha_eqh_enable&quot;:false}\">\n\t\t\t\t<div class=\"elementor-element elementor-element-4c4078f elementor-widget__width-initial elementor-widget elementor-widget-image\" data-id=\"4c4078f\" data-element_type=\"widget\" data-e-type=\"widget\" data-widget_type=\"image.default\">\n\t\t\t\t<div class=\"elementor-widget-container\">\n\t\t\t\t\t\t\t\t\t\t\t\t\t\t\t<img fetchpriority=\"high\" decoding=\"async\" width=\"800\" height=\"951\" src=\"https:\/\/institutoeducamais.org\/wp-content\/uploads\/2024\/07\/INCLUSAO-2-1-861x1024.png\" class=\"attachment-large size-large wp-image-429\" alt=\"\" srcset=\"https:\/\/institutoeducamais.org\/wp-content\/uploads\/2024\/07\/INCLUSAO-2-1-861x1024.png 861w, https:\/\/institutoeducamais.org\/wp-content\/uploads\/2024\/07\/INCLUSAO-2-1-252x300.png 252w, https:\/\/institutoeducamais.org\/wp-content\/uploads\/2024\/07\/INCLUSAO-2-1-768x914.png 768w, https:\/\/institutoeducamais.org\/wp-content\/uploads\/2024\/07\/INCLUSAO-2-1-1291x1536.png 1291w, https:\/\/institutoeducamais.org\/wp-content\/uploads\/2024\/07\/INCLUSAO-2-1-1721x2048.png 1721w\" sizes=\"(max-width: 800px) 100vw, 800px\" \/>\t\t\t\t\t\t\t\t\t\t\t\t\t\t\t<\/div>\n\t\t\t\t<\/div>\n\t\t\t\t<\/div>\n\t\t<div class=\"elementor-element elementor-element-2a0e55d e-con-full e-flex e-con e-child\" data-id=\"2a0e55d\" data-element_type=\"container\" data-e-type=\"container\" data-settings=\"{&quot;_ha_eqh_enable&quot;:false}\">\n\t\t\t\t<div class=\"elementor-element elementor-element-e5762b0 elementor-widget elementor-widget-heading\" data-id=\"e5762b0\" data-element_type=\"widget\" data-e-type=\"widget\" data-widget_type=\"heading.default\">\n\t\t\t\t<div class=\"elementor-widget-container\">\n\t\t\t\t\t<h2 class=\"elementor-heading-title elementor-size-default\">Polo<\/h2>\t\t\t\t<\/div>\n\t\t\t\t<\/div>\n\t\t\t\t<div class=\"elementor-element elementor-element-5826052 elementor-widget elementor-widget-heading\" data-id=\"5826052\" data-element_type=\"widget\" data-e-type=\"widget\" data-widget_type=\"heading.default\">\n\t\t\t\t<div class=\"elementor-widget-container\">\n\t\t\t\t\t<h2 class=\"elementor-heading-title elementor-size-default\">INCLUS\u00c3O PRODUTIVA<\/h2>\t\t\t\t<\/div>\n\t\t\t\t<\/div>\n\t\t\t\t<div class=\"elementor-element elementor-element-c7253cf elementor-widget elementor-widget-text-editor\" data-id=\"c7253cf\" data-element_type=\"widget\" data-e-type=\"widget\" data-widget_type=\"text-editor.default\">\n\t\t\t\t<div class=\"elementor-widget-container\">\n\t\t\t\t\t\t\t\t\t<p>Nossa iniciativa de educa\u00e7\u00e3o profissionalizante oferece prepara\u00e7\u00e3o completa para o mercado de trabalho, com um enfoque especial no est\u00edmulo ao empreendedorismo. Voltada para jovens, adultos e, em especial, mulheres e m\u00e3es solos, nossa programa\u00e7\u00e3o \u00e9 desenhada para capacitar e empoderar, proporcionando ferramentas pr\u00e1ticas e conhecimentos essenciais para o sucesso profissional.<\/p><p>Nossos cursos abrangem uma ampla gama de \u00e1reas, garantindo que cada participante encontre o caminho certo para suas ambi\u00e7\u00f5es.<\/p><p>Com apoio dedicado e recursos de alta qualidade, ajudamos a transformar sonhos em realidade e a construir futuros promissores. Participe e descubra o poder da educa\u00e7\u00e3o para transformar vidas!<\/p>\t\t\t\t\t\t\t\t<\/div>\n\t\t\t\t<\/div>\n\t\t\t\t<div class=\"elementor-element elementor-element-285c5b6 premium-lq__none elementor-widget elementor-widget-premium-addon-button\" data-id=\"285c5b6\" data-element_type=\"widget\" data-e-type=\"widget\" data-widget_type=\"premium-addon-button.default\">\n\t\t\t\t<div class=\"elementor-widget-container\">\n\t\t\t\t\t\r\n\r\n\t\t<a class=\"premium-button premium-button-style1 premium-btn-lg premium-button-style1-bottom\" href=\"https:\/\/institutoeducamais.org\/index.php\/doar\/\">\r\n\t\t\t<div class=\"premium-button-text-icon-wrapper\">\r\n\t\t\t\t\r\n\t\t\t\t\t\t\t\t\t\t\t\t\t\t\t\t\t\t<svg class=\"svg-inline--fab-fa-gratipay premium-drawable-icon premium-svg-nodraw\" aria-hidden='true' xmlns='http:\/\/www.w3.org\/2000\/svg' viewBox='0 0 496 512'><path d=\"M248 8C111.1 8 0 119.1 0 256s111.1 248 248 248 248-111.1 248-248S384.9 8 248 8zm114.6 226.4l-113 152.7-112.7-152.7c-8.7-11.9-19.1-50.4 13.6-72 28.1-18.1 54.6-4.2 68.5 11.9 15.9 17.9 46.6 16.9 61.7 0 13.9-16.1 40.4-30 68.1-11.9 32.9 21.6 22.6 60 13.8 72z\"><\/path><\/svg>\t\t\t\t\t\t\t\t\t\t\t\t\t\t\t\r\n\t\t\t\t\t\t\t\t\t<span >\r\n\t\t\t\t\t\tAPOIE O INSTITUTO\t\t\t\t\t<\/span>\r\n\t\t\t\t\t\t\t<\/div>\r\n\r\n\t\t\t\r\n\t\t\t\r\n\t\t\t\r\n\t\t<\/a>\r\n\r\n\r\n\t\t\t\t\t\t<\/div>\n\t\t\t\t<\/div>\n\t\t\t\t<\/div>\n\t\t\t\t\t<\/div>\n\t\t\t\t<\/div>\n\t\t<div class=\"elementor-element elementor-element-af28b73 e-con-full elementor-hidden-mobile e-flex e-con e-parent\" data-id=\"af28b73\" data-element_type=\"container\" data-e-type=\"container\" data-settings=\"{&quot;_ha_eqh_enable&quot;:false}\">\n\t\t<div class=\"elementor-element elementor-element-8218578 e-con-full e-flex e-con e-child\" data-id=\"8218578\" data-element_type=\"container\" data-e-type=\"container\" data-settings=\"{&quot;_ha_eqh_enable&quot;:false}\">\n\t\t\t\t<div class=\"elementor-element elementor-element-1db9bb5 elementor-widget elementor-widget-heading\" data-id=\"1db9bb5\" data-element_type=\"widget\" data-e-type=\"widget\" data-widget_type=\"heading.default\">\n\t\t\t\t<div class=\"elementor-widget-container\">\n\t\t\t\t\t<h2 class=\"elementor-heading-title elementor-size-default\">Projeto programando futuros <\/h2>\t\t\t\t<\/div>\n\t\t\t\t<\/div>\n\t\t\t\t<div class=\"elementor-element elementor-element-1623c9b elementor-widget__width-initial elementor-widget elementor-widget-image-gallery\" data-id=\"1623c9b\" data-element_type=\"widget\" data-e-type=\"widget\" data-widget_type=\"image-gallery.default\">\n\t\t\t\t<div class=\"elementor-widget-container\">\n\t\t\t\t\t\t\t<div class=\"elementor-image-gallery\">\n\t\t\t<div id='gallery-1' class='gallery galleryid-385 gallery-columns-2 gallery-size-thumbnail'><figure class='gallery-item'>\n\t\t\t<div class='gallery-icon landscape'>\n\t\t\t\t<a data-elementor-open-lightbox=\"yes\" data-elementor-lightbox-slideshow=\"1623c9b\" data-elementor-lightbox-title=\"IMG_6512-20\" data-e-action-hash=\"#elementor-action%3Aaction%3Dlightbox%26settings%3DeyJpZCI6NTE4LCJ1cmwiOiJodHRwczpcL1wvaW5zdGl0dXRvZWR1Y2FtYWlzLm9yZ1wvd3AtY29udGVudFwvdXBsb2Fkc1wvMjAyNFwvMDdcL0lNR182NTEyLTIwLTEtc2NhbGVkLmpwZyIsInNsaWRlc2hvdyI6IjE2MjNjOWIifQ%3D%3D\" href='https:\/\/institutoeducamais.org\/wp-content\/uploads\/2024\/07\/IMG_6512-20-1-scaled.jpg'><img decoding=\"async\" width=\"150\" height=\"150\" src=\"https:\/\/institutoeducamais.org\/wp-content\/uploads\/2024\/07\/IMG_6512-20-1-150x150.jpg\" class=\"attachment-thumbnail size-thumbnail\" alt=\"\" \/><\/a>\n\t\t\t<\/div><\/figure><figure class='gallery-item'>\n\t\t\t<div class='gallery-icon landscape'>\n\t\t\t\t<a data-elementor-open-lightbox=\"yes\" data-elementor-lightbox-slideshow=\"1623c9b\" data-elementor-lightbox-title=\"projeto transforme-se foto 2\" data-e-action-hash=\"#elementor-action%3Aaction%3Dlightbox%26settings%3DeyJpZCI6NTE1LCJ1cmwiOiJodHRwczpcL1wvaW5zdGl0dXRvZWR1Y2FtYWlzLm9yZ1wvd3AtY29udGVudFwvdXBsb2Fkc1wvMjAyNFwvMDdcL3Byb2pldG8tdHJhbnNmb3JtZS1zZS1mb3RvLTItMS1zY2FsZWQuanBnIiwic2xpZGVzaG93IjoiMTYyM2M5YiJ9\" href='https:\/\/institutoeducamais.org\/wp-content\/uploads\/2024\/07\/projeto-transforme-se-foto-2-1-scaled.jpg'><img decoding=\"async\" width=\"150\" height=\"150\" src=\"https:\/\/institutoeducamais.org\/wp-content\/uploads\/2024\/07\/projeto-transforme-se-foto-2-1-150x150.jpg\" class=\"attachment-thumbnail size-thumbnail\" alt=\"\" \/><\/a>\n\t\t\t<\/div><\/figure><figure class='gallery-item'>\n\t\t\t<div class='gallery-icon landscape'>\n\t\t\t\t<a data-elementor-open-lightbox=\"yes\" data-elementor-lightbox-slideshow=\"1623c9b\" data-elementor-lightbox-title=\"IMG_6461-11\" data-e-action-hash=\"#elementor-action%3Aaction%3Dlightbox%26settings%3DeyJpZCI6NTE3LCJ1cmwiOiJodHRwczpcL1wvaW5zdGl0dXRvZWR1Y2FtYWlzLm9yZ1wvd3AtY29udGVudFwvdXBsb2Fkc1wvMjAyNFwvMDdcL0lNR182NDYxLTExLTEtc2NhbGVkLmpwZyIsInNsaWRlc2hvdyI6IjE2MjNjOWIifQ%3D%3D\" href='https:\/\/institutoeducamais.org\/wp-content\/uploads\/2024\/07\/IMG_6461-11-1-scaled.jpg'><img loading=\"lazy\" decoding=\"async\" width=\"150\" height=\"150\" src=\"https:\/\/institutoeducamais.org\/wp-content\/uploads\/2024\/07\/IMG_6461-11-1-150x150.jpg\" class=\"attachment-thumbnail size-thumbnail\" alt=\"\" \/><\/a>\n\t\t\t<\/div><\/figure><figure class='gallery-item'>\n\t\t\t<div class='gallery-icon landscape'>\n\t\t\t\t<a data-elementor-open-lightbox=\"yes\" data-elementor-lightbox-slideshow=\"1623c9b\" data-elementor-lightbox-title=\"IMG_6549-29\" data-e-action-hash=\"#elementor-action%3Aaction%3Dlightbox%26settings%3DeyJpZCI6NTE0LCJ1cmwiOiJodHRwczpcL1wvaW5zdGl0dXRvZWR1Y2FtYWlzLm9yZ1wvd3AtY29udGVudFwvdXBsb2Fkc1wvMjAyNFwvMDdcL0lNR182NTQ5LTI5LTEtc2NhbGVkLmpwZyIsInNsaWRlc2hvdyI6IjE2MjNjOWIifQ%3D%3D\" href='https:\/\/institutoeducamais.org\/wp-content\/uploads\/2024\/07\/IMG_6549-29-1-scaled.jpg'><img loading=\"lazy\" decoding=\"async\" width=\"150\" height=\"150\" src=\"https:\/\/institutoeducamais.org\/wp-content\/uploads\/2024\/07\/IMG_6549-29-1-150x150.jpg\" class=\"attachment-thumbnail size-thumbnail\" alt=\"\" \/><\/a>\n\t\t\t<\/div><\/figure>\n\t\t<\/div>\n\t\t<\/div>\n\t\t\t\t\t\t<\/div>\n\t\t\t\t<\/div>\n\t\t\t\t<\/div>\n\t\t<div class=\"elementor-element elementor-element-0c75f04 e-con-full e-flex e-con e-child\" data-id=\"0c75f04\" data-element_type=\"container\" data-e-type=\"container\" data-settings=\"{&quot;_ha_eqh_enable&quot;:false}\">\n\t\t\t\t<div class=\"elementor-element elementor-element-7c9adb2 elementor-widget elementor-widget-heading\" data-id=\"7c9adb2\" data-element_type=\"widget\" data-e-type=\"widget\" data-widget_type=\"heading.default\">\n\t\t\t\t<div class=\"elementor-widget-container\">\n\t\t\t\t\t<h2 class=\"elementor-heading-title elementor-size-default\">Projeto Qualifica Jovem <\/h2>\t\t\t\t<\/div>\n\t\t\t\t<\/div>\n\t\t\t\t<div class=\"elementor-element elementor-element-5ae6529 elementor-widget__width-initial elementor-widget elementor-widget-image\" data-id=\"5ae6529\" data-element_type=\"widget\" data-e-type=\"widget\" data-widget_type=\"image.default\">\n\t\t\t\t<div class=\"elementor-widget-container\">\n\t\t\t\t\t\t\t\t\t\t\t\t\t\t\t<img loading=\"lazy\" decoding=\"async\" width=\"800\" height=\"800\" src=\"https:\/\/institutoeducamais.org\/wp-content\/uploads\/2024\/07\/INC-1024x1024.png\" class=\"attachment-large size-large wp-image-524\" alt=\"\" srcset=\"https:\/\/institutoeducamais.org\/wp-content\/uploads\/2024\/07\/INC-1024x1024.png 1024w, https:\/\/institutoeducamais.org\/wp-content\/uploads\/2024\/07\/INC-300x300.png 300w, https:\/\/institutoeducamais.org\/wp-content\/uploads\/2024\/07\/INC-150x150.png 150w, https:\/\/institutoeducamais.org\/wp-content\/uploads\/2024\/07\/INC-768x768.png 768w, https:\/\/institutoeducamais.org\/wp-content\/uploads\/2024\/07\/INC-1536x1536.png 1536w, https:\/\/institutoeducamais.org\/wp-content\/uploads\/2024\/07\/INC-2048x2048.png 2048w\" sizes=\"(max-width: 800px) 100vw, 800px\" \/>\t\t\t\t\t\t\t\t\t\t\t\t\t\t\t<\/div>\n\t\t\t\t<\/div>\n\t\t\t\t<\/div>\n\t\t<div class=\"elementor-element elementor-element-8452fe1 e-con-full e-flex e-con e-child\" data-id=\"8452fe1\" data-element_type=\"container\" data-e-type=\"container\" data-settings=\"{&quot;_ha_eqh_enable&quot;:false}\">\n\t\t\t\t<div class=\"elementor-element elementor-element-c569648 elementor-widget elementor-widget-heading\" data-id=\"c569648\" data-element_type=\"widget\" data-e-type=\"widget\" data-widget_type=\"heading.default\">\n\t\t\t\t<div class=\"elementor-widget-container\">\n\t\t\t\t\t<h2 class=\"elementor-heading-title elementor-size-default\">Projeto Empreende mulher!<\/h2>\t\t\t\t<\/div>\n\t\t\t\t<\/div>\n\t\t\t\t<div class=\"elementor-element elementor-element-049db00 elementor-widget__width-initial elementor-widget elementor-widget-image\" data-id=\"049db00\" data-element_type=\"widget\" data-e-type=\"widget\" data-widget_type=\"image.default\">\n\t\t\t\t<div class=\"elementor-widget-container\">\n\t\t\t\t\t\t\t\t\t\t\t\t\t\t\t<img loading=\"lazy\" decoding=\"async\" width=\"800\" height=\"800\" src=\"https:\/\/institutoeducamais.org\/wp-content\/uploads\/2024\/07\/IMG_20221005_190312-1-1024x1024.jpg\" class=\"attachment-large size-large wp-image-523\" alt=\"\" srcset=\"https:\/\/institutoeducamais.org\/wp-content\/uploads\/2024\/07\/IMG_20221005_190312-1-1024x1024.jpg 1024w, https:\/\/institutoeducamais.org\/wp-content\/uploads\/2024\/07\/IMG_20221005_190312-1-300x300.jpg 300w, https:\/\/institutoeducamais.org\/wp-content\/uploads\/2024\/07\/IMG_20221005_190312-1-150x150.jpg 150w, https:\/\/institutoeducamais.org\/wp-content\/uploads\/2024\/07\/IMG_20221005_190312-1-768x768.jpg 768w, https:\/\/institutoeducamais.org\/wp-content\/uploads\/2024\/07\/IMG_20221005_190312-1-1536x1536.jpg 1536w, https:\/\/institutoeducamais.org\/wp-content\/uploads\/2024\/07\/IMG_20221005_190312-1-2048x2048.jpg 2048w\" sizes=\"(max-width: 800px) 100vw, 800px\" \/>\t\t\t\t\t\t\t\t\t\t\t\t\t\t\t<\/div>\n\t\t\t\t<\/div>\n\t\t\t\t<\/div>\n\t\t\t\t<\/div>\n\t\t\t\t<\/div>\n\t\t","protected":false},"excerpt":{"rendered":"<p>Polo INCLUS\u00c3O PRODUTIVA Nossa iniciativa de educa\u00e7\u00e3o profissionalizante oferece prepara\u00e7\u00e3o completa para o mercado de trabalho, com um enfoque especial no est\u00edmulo ao empreendedorismo. Voltada para jovens, adultos e, em especial, mulheres e m\u00e3es solos, nossa programa\u00e7\u00e3o \u00e9 desenhada para capacitar e empoderar, proporcionando ferramentas pr\u00e1ticas e conhecimentos essenciais para o sucesso profissional. Nossos cursos [&hellip;]<\/p>\n","protected":false},"author":1,"featured_media":0,"parent":0,"menu_order":0,"comment_status":"closed","ping_status":"closed","template":"elementor_header_footer","meta":{"footnotes":""},"class_list":["post-385","page","type-page","status-publish","hentry"],"_links":{"self":[{"href":"https:\/\/institutoeducamais.org\/index.php\/wp-json\/wp\/v2\/pages\/385","targetHints":{"allow":["GET"]}}],"collection":[{"href":"https:\/\/institutoeducamais.org\/index.php\/wp-json\/wp\/v2\/pages"}],"about":[{"href":"https:\/\/institutoeducamais.org\/index.php\/wp-json\/wp\/v2\/types\/page"}],"author":[{"embeddable":true,"href":"https:\/\/institutoeducamais.org\/index.php\/wp-json\/wp\/v2\/users\/1"}],"replies":[{"embeddable":true,"href":"https:\/\/institutoeducamais.org\/index.php\/wp-json\/wp\/v2\/comments?post=385"}],"version-history":[{"count":43,"href":"https:\/\/institutoeducamais.org\/index.php\/wp-json\/wp\/v2\/pages\/385\/revisions"}],"predecessor-version":[{"id":686,"href":"https:\/\/institutoeducamais.org\/index.php\/wp-json\/wp\/v2\/pages\/385\/revisions\/686"}],"wp:attachment":[{"href":"https:\/\/institutoeducamais.org\/index.php\/wp-json\/wp\/v2\/media?parent=385"}],"curies":[{"name":"wp","href":"https:\/\/api.w.org\/{rel}","templated":true}]}}